{"id":101,"date":"2017-10-10T00:53:57","date_gmt":"2017-10-09T22:53:57","guid":{"rendered":"http:\/\/needles-pins.de\/wpnp\/?page_id=101"},"modified":"2024-10-15T16:25:18","modified_gmt":"2024-10-15T14:25:18","slug":"pflegehinweise","status":"publish","type":"page","link":"https:\/\/needles-pins.de\/wpnp\/tattoos\/pflegehinweise\/","title":{"rendered":"Aftercare Tattoos"},"content":{"rendered":"<p>&nbsp;<\/p>\n<h2 style=\"text-align: justify;\">So pflegst Du Dein Tattoo<\/h2>\n<p style=\"text-align: justify;\">Bedenke da\u00df durch das T\u00e4towieren Deine Haut verletzt wurde. Wie bei allen Verletzungen mu\u00dft Du auch bei einem frischen Tattoo auf Hygiene und Schonung achten. Eine frische T\u00e4towierung ist wie eine frische Wunde zu behandeln, also gehe in den ersten Tagen vorsichtig und sorgf\u00e4ltig damit um.<\/p>\n<ul style=\"text-align: justify;\" type=\"disc\">\n<li style=\"list-style-type: none;\">\n<ul type=\"disc\">\n<li>Ber\u00fchre das frische Tattoo nur mit gr\u00fcndlich gewaschenen H\u00e4nden.<\/li>\n<\/ul>\n<\/li>\n<\/ul>\n<ul style=\"text-align: justify;\" type=\"disc\">\n<li style=\"list-style-type: none;\">\n<ul type=\"disc\">\n<li>Entferne die Schutzfolie nach zwei Stunden und wasche dann Dein Tattoo vorsichtig mit kaltem Wasser und Seife ab (nur einmal!).<\/li>\n<li>Hast Du ein Suprasorb Pflaster bekommen, bitte erst nach 5 Tagen entfernen. Die Entfernung unter fliessendem, lauwarmen Wasser vornehmen. So lange waschen, bis sich die Folie schmerzfrei l\u00f6st. Danach w\u00e4scht Du Dein Tattoo mit klarem Wasser und ph-neutraler Seife. Mit einem sauberen K\u00fcchentuch abtupfen.<br><br><span style=\"text-decoration: underline;\">Hinweis:<\/span> Unter dem Pflaster sieht Dein Tattoo meist sehr verschwommen aus, dass ist v\u00f6llig normal. Die Lymphfl\u00fcssigkeit sammelt sich unter der Folie. Bitte trotzdem das Pflaster unbedingt drauf lassen, au\u00dfer es l\u00f6st sich von alleine. Durch Ansammlung von Wundwasser k\u00f6nnen sich auch Luftblasen unter dem Pflaster bilden, auch das ist v\u00f6llig normal.<\/li>\n<\/ul>\n<\/li>\n<\/ul>\n<ul style=\"text-align: justify;\" type=\"disc\">\n<li style=\"list-style-type: none;\">\n<ul type=\"disc\">\n<li>Achte nun darauf, dass Dein Tattoo nicht aufweicht, bis es vollkommen abgeheilt ist. Gehe daher zwei Wochen lang nicht ins Schwimmbad und lege Dich nicht in die Badewanne. Dusche auch nicht zu hei\u00df und m\u00f6glichst kurz.<\/li>\n<\/ul>\n<\/li>\n<\/ul>\n<ul style=\"text-align: justify;\" type=\"disc\">\n<li style=\"list-style-type: none;\">\n<ul type=\"disc\">\n<li>Tupfe das Tattoo nach dem Duschen mit einem frischem Handtuch vorsichtig ab (nicht rubbeln!).<\/li>\n<\/ul>\n<\/li>\n<\/ul>\n<ul style=\"text-align: justify;\" type=\"disc\">\n<li style=\"list-style-type: none;\">\n<ul type=\"disc\">\n<li>Trage zwei bis drei mal t\u00e4glich eine <b>d\u00fcnne<\/b> Schicht Bepanthen Wund- und Heilsalbe oder unsere Tattoo-Creme auf.<\/li>\n<\/ul>\n<\/li>\n<\/ul>\n<ul style=\"text-align: justify;\" type=\"disc\">\n<li style=\"list-style-type: none;\">\n<ul type=\"disc\">\n<li>Vier Wochen lang solltest Du keine Sonne an Dein Tattoo lassen. Generell empfehlen wir Dein Tattoo k\u00fcnftig mit Sonnenschutzcreme LSF 50+ sch\u00fctzen.<\/li>\n<li>Ungef\u00e4hr ein bis zwei Tage nach dem Termin keine blutverd\u00fcnnenden Medikamente einnehmen (z.B.: Aspirin) und m\u00f6glichst keinen Alkohol trinken.<\/li>\n<\/ul>\n<\/li>\n<\/ul>\n<ul style=\"text-align: justify;\" type=\"disc\">\n<li style=\"list-style-type: none;\">\n<ul type=\"disc\">\n<li>Bedecke Dein Tattoo mit <b>lockerer,<\/b> sauberer Kleidung, vermeide fusselnde, kratzende oder verschmutze Kleidung.<\/li>\n<li>Achte auf absolute Sauberkeit, je nach Berufsgruppe vor Staub, Benzin, scharfen Fl\u00fcssigkeiten etc.<\/li>\n<li>Wenn Du ins Solarium gehen willst, bedecke Dein Tattoo mit einer Wundkompresse.<\/li>\n<\/ul>\n<\/li>\n<\/ul>\n<ul style=\"text-align: justify;\" type=\"disc\">\n<li style=\"list-style-type: none;\">\n<ul type=\"disc\">\n<li>Treibe mindestens zwei Wochen lang keinen anstrengenden Sport und achte darauf, das Du nicht stark schwitzt. Reinige ggf. unmittelbar nach dem Sport Dein Tattoo z. B. mit Wasser und milder Seife vorsichtig abwaschen.<\/li>\n<\/ul>\n<\/li>\n<\/ul>\n<ul style=\"text-align: justify;\" type=\"disc\">\n<li style=\"list-style-type: none;\">\n<ul type=\"disc\">\n<li>Verbinde Dein Tattoo nicht \u00fcber l\u00e4ngere Zeit. Lasse viel Luft daran damit es gut abheilt.<\/li>\n<\/ul>\n<\/li>\n<\/ul>\n<ul style=\"text-align: justify;\" type=\"disc\">\n<li style=\"list-style-type: none;\">\n<ul type=\"disc\">\n<li>Falls sich Krusten bilden, <b>nicht daran zupfen!<\/b><\/li>\n<\/ul>\n<\/li>\n<\/ul>\n<ul style=\"text-align: justify;\" type=\"disc\">\n<li style=\"list-style-type: none;\">\n<ul type=\"disc\">\n<li>Egal wie sehr es juckt, Du darfst auf keinen Fall an Deinem Tattoo kratzen oder reiben, da das zu Entz\u00fcndungen, Farbverlust oder Narbenbildung f\u00fchren kann. Versuche den Juckreiz durch klopfen auf der Haut <b>neben<\/b> Deinem Tattoo zu lindern.<\/li>\n<\/ul>\n<\/li>\n<\/ul>\n<p style=\"text-align: justify;\">&nbsp;<br>Eine saubere Abheilung liegt jetzt in Deiner &#8222;Verantwortung&#8220;. Sollten beim Abheilen Deines Tattoos Probleme auftreten, wende Dich bitte sofort an uns oder suche einen Arzt auf. Bei Unsicherheiten kannst Du Dich jederzeit bei uns melden.<\/p>\n<p>&nbsp;<\/p>\n<p style=\"text-align: justify;\">Wenn Du diese Ratschl\u00e4ge beherzigst, wird Dein Tattoo optimal verheilen und Du wirst ein lebenlang daran Freude haben.<\/p>\n<p>&nbsp;<\/p>\n\n","protected":false},"excerpt":{"rendered":"<p>&nbsp; So pflegst Du Dein Tattoo Bedenke da\u00df durch das <a class=\"more-link\" href=\"https:\/\/needles-pins.de\/wpnp\/tattoos\/pflegehinweise\/\">weiterlesen&#8230;<\/a><\/p>\n","protected":false},"author":1,"featured_media":0,"parent":362,"menu_order":0,"comment_status":"closed","ping_status":"closed","template":"","meta":{"ngg_post_thumbnail":0,"footnotes":""},"class_list":["post-101","page","type-page","status-publish","hentry"],"_links":{"self":[{"href":"https:\/\/needles-pins.de\/wpnp\/wp-json\/wp\/v2\/pages\/101","targetHints":{"allow":["GET"]}}],"collection":[{"href":"https:\/\/needles-pins.de\/wpnp\/wp-json\/wp\/v2\/pages"}],"about":[{"href":"https:\/\/needles-pins.de\/wpnp\/wp-json\/wp\/v2\/types\/page"}],"author":[{"embeddable":true,"href":"https:\/\/needles-pins.de\/wpnp\/wp-json\/wp\/v2\/users\/1"}],"replies":[{"embeddable":true,"href":"https:\/\/needles-pins.de\/wpnp\/wp-json\/wp\/v2\/comments?post=101"}],"version-history":[{"count":8,"href":"https:\/\/needles-pins.de\/wpnp\/wp-json\/wp\/v2\/pages\/101\/revisions"}],"predecessor-version":[{"id":1116,"href":"https:\/\/needles-pins.de\/wpnp\/wp-json\/wp\/v2\/pages\/101\/revisions\/1116"}],"up":[{"embeddable":true,"href":"https:\/\/needles-pins.de\/wpnp\/wp-json\/wp\/v2\/pages\/362"}],"wp:attachment":[{"href":"https:\/\/needles-pins.de\/wpnp\/wp-json\/wp\/v2\/media?parent=101"}],"curies":[{"name":"wp","href":"https:\/\/api.w.org\/{rel}","templated":true}]}}