{"id":103,"date":"2017-10-10T00:55:15","date_gmt":"2017-10-09T22:55:15","guid":{"rendered":"http:\/\/needles-pins.de\/wpnp\/?page_id=103"},"modified":"2024-11-03T20:07:25","modified_gmt":"2024-11-03T19:07:25","slug":"impressum","status":"publish","type":"page","link":"https:\/\/needles-pins.de\/wpnp\/impressum\/","title":{"rendered":"Impressum, Datenschutz"},"content":{"rendered":"<p><b>Angaben gem\u00e4\u00df \u00a7 5 TDG, TMG, DSGVO:<\/b><br \/>\nStefanie Drechsel<br \/>\nneedles &amp; pins Tattoostudio<br \/>\nSt.-Nepomuk-Str. 2<br \/>\n93486 Runding<br \/>\nTelefon: +49 (0) 9971 768319<br \/>\nE-Mail: info@needles-pins.de<br \/>\nInternet: www.needles-pins.de<br \/>\nUSt.-IdNr.: DE 312058066<\/p>\n<p><b>Angaben zur Berufshaftpflichtversicherung<\/b><br \/>\nName und Sitz des Versicherers:<br \/>\nARAG Allgemeine Vers.-AG<br \/>\nARAG Platz 1<br \/>\n40472 D\u00fcsseldorf<br \/>\nGeltungsraum der Versicherung: Deutschland<\/p>\n<p><b>Streitschlichtung<\/b><br \/>\nDie Europ\u00e4ische Kommission stellt eine Plattform zur Online-Streitbeilegung (OS) bereit:<br \/>\nhttps:\/\/ec.europa.eu\/consumers\/odr<br \/>\nUnsere E-Mail-Adresse finden Sie oben im Impressum.<br \/>\nWir sind nicht bereit oder verpflichtet, an Streitbeilegungsverfahren vor einer<br \/>\nVerbraucherschlichtungsstelle teilzunehmen.<\/p>\n<p><b>Haftung f\u00fcr Inhalte<\/b><\/p>\n<p>Trotz sorgf\u00e4ltiger inhaltlicher Kontrolle \u00fcbernehme ich keine Haftung f\u00fcr die Inhalte externer Links, wof\u00fcr ausdr\u00fccklich deren Betreiber verantwortlich sind. Meine Homepage dient nur allgemeinen Informationsdiensten, ich \u00fcbernehme keinerlei Gew\u00e4hr f\u00fcr Aktualit\u00e4t, inhaltlicher Richtigkeit und Vollst\u00e4ndigkeit der dargestellten Informationen. Ich \u00fcbernehme keine Haftung f\u00fcr Sch\u00e4den, die durch die Nutzung der angebotenen Informationen auf dieser Website verursacht wurden. Weder durch das Lesen, den Download oder sonstiger Nutzung meiner Homepage entstehen Gesch\u00e4ftsbeziehungen noch gewerbsm\u00e4\u00dfige Beratung. Es wird keine Haftung f\u00fcr \u00fcber das Internet vermittelte Nachrichten \u00fcbernommen, dies gilt insbesondere f\u00fcr \u00fcbermittelte Informationen zur Fristwahrung.<\/p>\n<p>Als Diensteanbieter bin ich gem\u00e4\u00df \u00a7 7 Abs.1 TMG f\u00fcr eigene Inhalte auf dieser Seite nach den allgemeinen Gesetzen verantwortlich. Nach \u00a7\u00a7 8 bis 10 TMG bin ich als Diensteanbieter jedoch nicht verpflichtet, \u00fcbermittelte oder gespeicherte fremde Informationen zu \u00fcberwachen oder nach Umst\u00e4nden zu forschen, die auf eine rechtswidrige T\u00e4tigkeit hinweisen. Verpflichtungen zur Entfernung oder Sperrung der Nutzung von Informationen nach den allgemeinen Gesetzen bleiben hiervon unber\u00fchrt. Eine diesbez\u00fcgliche Haftung ist jedoch erst ab dem Zeitpunkt der Kenntnis einer konkreten Rechtsverletzung m\u00f6glich. Bei Bekanntwerden von entsprechenden Rechtsverletzungen werde ich diese Inhalte umgehend entfernen.<\/p>\n<p><b>Haftung f\u00fcr Links<\/b><br \/>\nMein Angebot enth\u00e4lt Links zu externen Websites Dritter, auf deren Inhalte ich keinen Einfluss habe.<br \/>\nDeshalb kann ich f\u00fcr diese fremden Inhalte auch keine Gew\u00e4hr \u00fcbernehmen. F\u00fcr die Inhalte der<br \/>\nverlinkten Seiten ist stets der jeweilige Anbieter oder Betreiber der Seiten verantwortlich. Die verlinkten<br \/>\nSeiten wurden zum Zeitpunkt der Verlinkung auf m\u00f6gliche Rechtsverst\u00f6\u00dfe \u00fcberpr\u00fcft. Rechtswidrige<br \/>\nInhalte waren zum Zeitpunkt der Verlinkung nicht erkennbar.<br \/>\nEine permanente inhaltliche Kontrolle der verlinkten Seiten ist jedoch ohne konkrete Anhaltspunkte einer<br \/>\nRechtsverletzung nicht zumutbar. Bei Bekanntwerden von Rechtsverletzungen werde ich derartige Links<br \/>\numgehend entfernen.<\/p>\n<p><b>Urheberrecht<\/b><br \/>\nDie durch den Seitenbetreiber erstellten Inhalte und Werke auf dieser Seite unterliegen dem deutschen<br \/>\nUrheberrecht. Die Vervielf\u00e4ltigung, Bearbeitung, Verbreitung und jede Art der Verwertung au\u00dferhalb der<br \/>\nGrenzen des Urheberrechtes bed\u00fcrfen der schriftlichen Zustimmung des jeweiligen Autors bzw.<br \/>\nErstellers. Downloads und Kopien dieser Seite sind nur f\u00fcr den privaten, nicht kommerziellen Gebrauch<br \/>\ngestattet.<br \/>\nSoweit die Inhalte auf dieser Seite nicht vom Betreiber erstellt wurden, werden die Urheberrechte Dritter<br \/>\nbeachtet. Insbesondere werden Inhalte Dritter als solche gekennzeichnet. Sollten Sie trotzdem auf eine<br \/>\nUrheberrechtsverletzung aufmerksam werden, bitte ich um einen entsprechenden Hinweis. Bei<br \/>\nBekanntwerden von Rechtsverletzungen werde ich derartige Inhalte umgehend entfernen.<br \/>\nQuelle: e-recht24.de<\/p>\n<p>Inhaltlich Verantwortlicher gem\u00e4\u00df \u00a7 10 Absatz 3 MDStV:<br \/>\nStefanie Drechsel (Anschrift wie oben)<\/p>\n<p>&nbsp;<\/p>\n<p><a href=\"https:\/\/needles-pins.de\/wpnp\/impressum\/datenschutz\/\">Zu unserer Datenschutzerkl\u00e4rung<\/a><\/p>\n","protected":false},"excerpt":{"rendered":"<p>Angaben gem\u00e4\u00df \u00a7 5 TDG, TMG, DSGVO: Stefanie Drechsel needles <a class=\"more-link\" href=\"https:\/\/needles-pins.de\/wpnp\/impressum\/\">weiterlesen&#8230;<\/a><\/p>\n","protected":false},"author":1,"featured_media":0,"parent":0,"menu_order":0,"comment_status":"closed","ping_status":"closed","template":"","meta":{"ngg_post_thumbnail":0,"footnotes":""},"class_list":["post-103","page","type-page","status-publish","hentry"],"_links":{"self":[{"href":"https:\/\/needles-pins.de\/wpnp\/wp-json\/wp\/v2\/pages\/103","targetHints":{"allow":["GET"]}}],"collection":[{"href":"https:\/\/needles-pins.de\/wpnp\/wp-json\/wp\/v2\/pages"}],"about":[{"href":"https:\/\/needles-pins.de\/wpnp\/wp-json\/wp\/v2\/types\/page"}],"author":[{"embeddable":true,"href":"https:\/\/needles-pins.de\/wpnp\/wp-json\/wp\/v2\/users\/1"}],"replies":[{"embeddable":true,"href":"https:\/\/needles-pins.de\/wpnp\/wp-json\/wp\/v2\/comments?post=103"}],"version-history":[{"count":10,"href":"https:\/\/needles-pins.de\/wpnp\/wp-json\/wp\/v2\/pages\/103\/revisions"}],"predecessor-version":[{"id":1175,"href":"https:\/\/needles-pins.de\/wpnp\/wp-json\/wp\/v2\/pages\/103\/revisions\/1175"}],"wp:attachment":[{"href":"https:\/\/needles-pins.de\/wpnp\/wp-json\/wp\/v2\/media?parent=103"}],"curies":[{"name":"wp","href":"https:\/\/api.w.org\/{rel}","templated":true}]}}