{"id":12,"date":"2017-10-10T10:18:03","date_gmt":"2017-10-10T08:18:03","guid":{"rendered":"http:\/\/www.needles-pins.de\/wpnp\/?page_id=4"},"modified":"2024-11-18T09:59:45","modified_gmt":"2024-11-18T08:59:45","slug":"studio","status":"publish","type":"page","link":"https:\/\/needles-pins.de\/wpnp\/studio\/","title":{"rendered":"Home"},"content":{"rendered":"<p>&nbsp;<\/p>\n<h2 class=\"western\" align=\"center\"><span style=\"color: #808080;\"><span style=\"font-family: Inter, sans-serif;\"><b>Dein Studio f\u00fcr besondere Anspr\u00fcche und individuelle Tattoos.<\/b><\/span><\/span><\/h2>\n<p align=\"center\"><span style=\"font-family: 'Liberation Serif', serif; color: #808080;\"><span style=\"font-size: large;\">Herzlich willkommen!!!<\/span><\/span><\/p>\n<p align=\"center\"><span style=\"font-family: 'Liberation Serif', serif; color: #808080;\"><span style=\"font-size: large;\">Sch\u00f6n das Ihr unsere Seite besucht!<\/span><\/span><\/p>\n<p align=\"center\"><span style=\"color: #808080;\"><span style=\"font-family: Liberation Serif, serif;\"><span style=\"font-size: large;\">Seit 1999 sind wir euer vertrautes Tattoo- und Piercingstudio. Qualit\u00e4t und Hygiene stehen bei uns immer an erster Stelle. Unser vielf\u00e4ltiges Team bieten euch alle Stilrichtungen der Tattoowelt an.<\/span><\/span><\/span><\/p>\n<p align=\"center\">&nbsp;<\/p>\n<p align=\"center\"><span style=\"color: #808080;\"><span style=\"font-family: Liberation Serif, serif;\"><span style=\"font-size: large;\">______________________________________________<\/span><\/span><\/span><\/p>\n<p align=\"center\"><span style=\"color: #808080;\"><span style=\"font-family: Liberation Serif, serif;\"><span style=\"font-size: large;\">M\u00f6chtest du ein Tattoo?<br>Etwas pers\u00f6nliches und ausdruckstarkes,<br>dass dich und deine individualit\u00e4t wider spiegelt?<br>Du brauchst Hilfe bei der Gestaltung deiner Ideen?<br>Dann schau vorbei und lass dich inspirieren.<\/span><\/span><\/span><\/p>\n<p align=\"center\"><span style=\"font-family: 'Liberation Serif', serif; color: #808080;\"><span style=\"font-size: large;\">_______________________________________________<\/span><\/span><\/p>\n<h2 class=\"western\" align=\"center\"><span style=\"color: #808080;\"><span style=\"font-family: Inter, sans-serif;\"><span style=\"font-size: xx-large;\"><b>Let\u00b4s make ink magic \u2026together!<\/b><\/span><\/span><\/span><\/h2>\n<p align=\"center\"><span style=\"font-family: 'Liberation Serif', serif; color: #808080;\"><span style=\"font-size: large;\">Starte noch heute dein n\u00e4chstes Projekt mit uns zusammen.<\/span><\/span><\/p>\n<p style=\"text-align: center;\"><span style=\"font-size: large; color: #808080; font-family: 'Liberation Serif', serif;\">BUCHEN<\/span><\/p>\n<p style=\"text-align: center;\"><span style=\"font-size: large; color: #808080; font-family: 'Liberation Serif', serif;\">VORFREUEN<\/span><\/p>\n<p style=\"text-align: center;\"><span style=\"font-size: large; color: #808080; font-family: 'Liberation Serif', serif;\">LOSSTECHEN<\/span><\/p>\n<p align=\"center\"><span style=\"font-family: 'Comic Sans MS', cursive; color: #808080;\"><span style=\"font-size: large;\"><span style=\"font-family: Liberation Serif, serif;\">Wir freuen uns auf Dich<\/span>!<\/span><\/span><\/p>\n<p align=\"center\">&nbsp;<\/p>\n<p align=\"center\"><strong>!!SUPPORT YOUR LOCAL TATTOOSTUDIO!!<\/strong><\/p>\n<p style=\"text-align: center;\"><a href=\"https:\/\/tattoo-support-needles--pins.myspreadshop.de\/\" target=\"_blank\" rel=\"noopener\">zum Shop<\/a><\/p>\n<table style=\"width: 100%; height: 112px;\" border=\"0\" cellspacing=\"3\">\n<tbody>\n<tr style=\"height: 16px;\">\n<th style=\"height: 16px;\" colspan=\"2\" align=\"left\">\n<p>&nbsp;<\/p>\n<p><b>Unsere \u00d6ffnungszeiten:<\/b><\/p>\n<\/th>\n<\/tr>\n<tr style=\"height: 32px;\">\n<td style=\"height: 32px;\" width=\"80\">\n<div id=\"zeiten\">Mo., Di., Do.<\/div>\n<\/td>\n<td style=\"height: 32px;\" width=\"120\">\n<div id=\"zeiten\">12.00 &#8211; 20.00 Uhr<\/div>\n<\/td>\n<td style=\"height: 96px;\" rowspan=\"4\" align=\"center\" valign=\"bottom\" width=\"120\">&nbsp;<\/td>\n<\/tr>\n<tr style=\"height: 32px;\">\n<td style=\"height: 32px;\" width=\"80\">\n<div id=\"zeiten\">Mi., Fr.<\/div>\n<\/td>\n<td style=\"height: 32px;\" width=\"120\">\n<div id=\"zeiten\">10.00 &#8211; 17.30 Uhr<\/div>\n<\/td>\n<\/tr>\n<tr style=\"height: 32px;\">\n<td style=\"height: 32px;\" width=\"80\">\n<div id=\"zeiten\">Sa<\/div>\n<\/td>\n<td style=\"height: 32px;\" width=\"120\">\n<div id=\"zeiten\">11.00 &#8211; 14.00 Uhr<\/div>\n<\/td>\n<\/tr>\n<\/tbody>\n<\/table>\n<p>oder nach Vereinbarung<\/p>\n<p>&nbsp;<\/p>\n<h2><strong>Kontakt:<\/strong><\/h2>\n<p>Sankt-Nepomuk-Stra\u00dfe 2<br>93486 Runding (bei Cham)<br>Tel.&nbsp; 0 99 71 \/ 76 83 19<br>WhatsApp: +49 162 7425661<br>info@needles-pins.de<\/p>\n<p>&nbsp;<\/p>\n<div id=\"wpgmza_map_1\" class=\"wpgmza_map wpgmza-auto-left\" style=\"display:block;width:100\\%;height:400px;overflow:hidden;position:relative;\" data-map-id=\"1\" data-maps-engine=\"\" data-build-engine=\"atlas-novus\" data-shortcode-attributes=\"{&quot;id&quot;:&quot;1&quot;,&quot;zoom&quot;:false,&quot;width&quot;:false,&quot;height&quot;:false,&quot;marker&quot;:false,&quot;classname&quot;:false}\" data-settings=\"{&quot;map_title&quot;:&quot;Needles Pins&quot;,&quot;map_width&quot;:&quot;100&quot;,&quot;map_height&quot;:&quot;400&quot;,&quot;map_start_lat&quot;:&quot;49.215417&quot;,&quot;map_start_lng&quot;:&quot;12.763898&quot;,&quot;map_start_location&quot;:&quot;49.21541664461318,12.763898396329848&quot;,&quot;map_start_zoom&quot;:&quot;19&quot;,&quot;default_marker&quot;:&quot;0&quot;,&quot;type&quot;:&quot;3&quot;,&quot;alignment&quot;:&quot;1&quot;,&quot;directions_enabled&quot;:&quot;1&quot;,&quot;styling_enabled&quot;:&quot;0&quot;,&quot;styling_json&quot;:&quot;&quot;,&quot;active&quot;:&quot;0&quot;,&quot;kml&quot;:&quot;&quot;,&quot;bicycle&quot;:&quot;0&quot;,&quot;traffic&quot;:&quot;0&quot;,&quot;dbox&quot;:&quot;1&quot;,&quot;dbox_width&quot;:&quot;100&quot;,&quot;listmarkers&quot;:&quot;0&quot;,&quot;listmarkers_advanced&quot;:&quot;0&quot;,&quot;filterbycat&quot;:&quot;0&quot;,&quot;ugm_enabled&quot;:&quot;0&quot;,&quot;ugm_category_enabled&quot;:&quot;0&quot;,&quot;fusion&quot;:&quot;&quot;,&quot;map_width_type&quot;:&quot;\\\\%&quot;,&quot;map_height_type&quot;:&quot;px&quot;,&quot;mass_marker_support&quot;:&quot;1&quot;,&quot;ugm_access&quot;:&quot;0&quot;,&quot;order_markers_by&quot;:&quot;1&quot;,&quot;order_markers_choice&quot;:&quot;2&quot;,&quot;show_user_location&quot;:&quot;0&quot;,&quot;default_to&quot;:&quot;&quot;,&quot;store_locator_enabled&quot;:2,&quot;store_locator_distance&quot;:2,&quot;store_locator_default_radius&quot;:&quot;10&quot;,&quot;store_locator_not_found_message&quot;:&quot;No results found in this location. Please try again.&quot;,&quot;store_locator_bounce&quot;:1,&quot;store_locator_query_string&quot;:&quot;PLZ \\\/ Adresse:&quot;,&quot;store_locator_default_address&quot;:&quot;&quot;,&quot;wpgmza_store_locator_restrict&quot;:&quot;&quot;,&quot;map_max_zoom&quot;:&quot;1&quot;,&quot;transport_layer&quot;:0,&quot;wpgmza_theme_data&quot;:&quot;[{\\\\\\&quot;stylers\\\\\\&quot;: [ {\\\\\\&quot;hue\\\\\\&quot;: \\\\\\&quot;#890000\\\\\\&quot;}, {\\\\\\&quot;visibility\\\\\\&quot;: \\\\\\&quot;simplified\\\\\\&quot;}, {\\\\\\&quot;gamma\\\\\\&quot;: 0.5}, {\\\\\\&quot;weight\\\\\\&quot;: 0.5} ] }, { \\\\\\&quot;elementType\\\\\\&quot;: \\\\\\&quot;labels\\\\\\&quot;, \\\\\\&quot;stylers\\\\\\&quot;: [{\\\\\\&quot;visibility\\\\\\&quot;: \\\\\\&quot;off\\\\\\&quot;}] }, { \\\\\\&quot;featureType\\\\\\&quot;: \\\\\\&quot;water\\\\\\&quot;, \\\\\\&quot;stylers\\\\\\&quot;: [{\\\\\\&quot;color\\\\\\&quot;: \\\\\\&quot;#890000\\\\\\&quot;}] } ]&quot;,&quot;wpgmza_theme_selection&quot;:5,&quot;wpgmza_show_points_of_interest&quot;:1,&quot;id&quot;:1}\" ><\/div>\n<p>&nbsp;<\/p>\n<p>&nbsp;<\/p>\n<p>&nbsp;<\/p>\n<p>&nbsp;<\/p>\n\n","protected":false},"excerpt":{"rendered":"<p>&nbsp; Dein Studio f\u00fcr besondere Anspr\u00fcche und individuelle Tattoos. Herzlich <a class=\"more-link\" href=\"https:\/\/needles-pins.de\/wpnp\/studio\/\">weiterlesen&#8230;<\/a><\/p>\n","protected":false},"author":1,"featured_media":74,"parent":0,"menu_order":1,"comment_status":"closed","ping_status":"closed","template":"","meta":{"ngg_post_thumbnail":0,"footnotes":""},"class_list":["post-12","page","type-page","status-publish","has-post-thumbnail","hentry"],"_links":{"self":[{"href":"https:\/\/needles-pins.de\/wpnp\/wp-json\/wp\/v2\/pages\/12","targetHints":{"allow":["GET"]}}],"collection":[{"href":"https:\/\/needles-pins.de\/wpnp\/wp-json\/wp\/v2\/pages"}],"about":[{"href":"https:\/\/needles-pins.de\/wpnp\/wp-json\/wp\/v2\/types\/page"}],"author":[{"embeddable":true,"href":"https:\/\/needles-pins.de\/wpnp\/wp-json\/wp\/v2\/users\/1"}],"replies":[{"embeddable":true,"href":"https:\/\/needles-pins.de\/wpnp\/wp-json\/wp\/v2\/comments?post=12"}],"version-history":[{"count":32,"href":"https:\/\/needles-pins.de\/wpnp\/wp-json\/wp\/v2\/pages\/12\/revisions"}],"predecessor-version":[{"id":1186,"href":"https:\/\/needles-pins.de\/wpnp\/wp-json\/wp\/v2\/pages\/12\/revisions\/1186"}],"wp:featuredmedia":[{"embeddable":true,"href":"https:\/\/needles-pins.de\/wpnp\/wp-json\/wp\/v2\/media\/74"}],"wp:attachment":[{"href":"https:\/\/needles-pins.de\/wpnp\/wp-json\/wp\/v2\/media?parent=12"}],"curies":[{"name":"wp","href":"https:\/\/api.w.org\/{rel}","templated":true}]}}