{"id":155,"date":"2017-10-13T17:59:32","date_gmt":"2017-10-13T15:59:32","guid":{"rendered":"http:\/\/needles-pins.de\/wpnp\/?page_id=155"},"modified":"2025-04-24T21:15:42","modified_gmt":"2025-04-24T19:15:42","slug":"aktuelle-aktionen","status":"publish","type":"page","link":"https:\/\/needles-pins.de\/wpnp\/","title":{"rendered":"Team &amp; Chronik"},"content":{"rendered":"<p>&nbsp;<\/p>\n<hr>\n<div class=\"\" dir=\"auto\">\n<div id=\"jsc_c_7e\" class=\"ecm0bbzt hv4rvrfc ihqw7lf3 dati1w0a\" data-ad-comet-preview=\"message\" data-ad-preview=\"message\">\n<div class=\"j83agx80 cbu4d94t ew0dbk1b irj2b8pg\">\n<div dir=\"auto\">\n<div class=\"\" dir=\"auto\">\n<div id=\"jsc_c_6t\" class=\"ecm0bbzt hv4rvrfc ihqw7lf3 dati1w0a\" data-ad-comet-preview=\"message\" data-ad-preview=\"message\">\n<div class=\"j83agx80 cbu4d94t ew0dbk1b irj2b8pg\">\n<div class=\"qzhwtbm6 knvmm38d\">\n<div class=\"o9v6fnle cxmmr5t8 oygrvhab hcukyx3x c1et5uql ii04i59q\">\n<div dir=\"auto\">\n<h1>Team<\/h1>\n<\/div>\n<\/div>\n<\/div>\n<p><strong>Beratung, Termine &amp; Piercing<\/strong><\/p>\n<ul>\n<li>Denise<\/li>\n<li>Ramona<\/li>\n<li>Steffi<\/li>\n<li>Bj\u00f6rn<\/li>\n<\/ul>\n<p><strong>Tattoo Resident-Artist<\/strong><\/p>\n<ul>\n<li>Filip<\/li>\n<li>Nati<\/li>\n<li>Tobi<\/li>\n<li>Kerstin<\/li>\n<li>Kris<\/li>\n<li>Andy<\/li>\n<\/ul>\n<p><strong>Tattoo Gast-Artist<\/strong><\/p>\n<ul>\n<li>Ivan<\/li>\n<li>Dijana<\/li>\n<li>Bojan<\/li>\n<\/ul>\n<\/div>\n<\/div>\n<p>&nbsp;<\/p>\n<div id=\"jsc_c_6t\" class=\"ecm0bbzt hv4rvrfc ihqw7lf3 dati1w0a\" data-ad-comet-preview=\"message\" data-ad-preview=\"message\">\n<div class=\"j83agx80 cbu4d94t ew0dbk1b irj2b8pg\">\n<div class=\"qzhwtbm6 knvmm38d\">\n<div class=\"o9v6fnle cxmmr5t8 oygrvhab hcukyx3x c1et5uql ii04i59q\">\n<div dir=\"auto\">\n<h1>Chronik<\/h1>\n<p>Hey und herzlich willkommen bei Needles &amp; Pins! Seit 25 Jahren sind wir euer vertrautes fachkundiges Tattoo- und Piercingstudio. Qualit\u00e4t und Hygiene stehen bei uns immer an erster Stelle.<\/p>\n<p>Unser Team besteht aus sechs festen T\u00e4towierern, dazu kommen regelm\u00e4\u00dfig erstklassige internationale Gastk\u00fcnstler, sodass wir euch eine breite Palette an Stilrichtungen bieten k\u00f6nnen. Egal ob klassisch, modern oder ausgefallen \u2013 wir machen es m\u00f6glich.<\/p>\n<p><strong>Wir sind besonders stolz auf unsere T\u00e4towiererinnen Nati und Kerstin, die zu den 80 besten T\u00e4towiererinnen in Deutschland geh\u00f6ren<\/strong>.<\/p>\n<p>Unser freundliches und kompetentes Team f\u00fcr Beratung, Termine und Piercing, bestehend aus Ramona, Denise, sie wechseln sich im 14-t\u00e4gigen Rhythmus ab, um Euch den bestm\u00f6glichen Service bieten zu k\u00f6nnen.<\/p>\n<p>Gr\u00fcnder Bj\u00f6rn und seine Frau Steffi k\u00fcmmern sich um Planung von Aktionen, Events und B\u00fcromanagement. Bj\u00f6rn ist aber auch weiterhin vor Ort, f\u00fcr Beratung, Terminvereinbarungen und Piercings.<\/p>\n<p>Wir wissen, dass das Leben manchmal flexibel sein muss. Deshalb bieten unsere T\u00e4towierer auch Termine au\u00dferhalb der \u00fcblichen \u00d6ffnungszeiten an. Eure W\u00fcnsche stehen bei uns im Mittelpunkt, und wir geben unser Bestes, sie zu erf\u00fcllen.<\/p>\n<p>Unsere Kern\u00f6ffnungszeiten sind:<\/p>\n<ul>\n<li style=\"list-style-type: none;\">\n<ul>\n<li><strong>Montag, Dienstag, Donnerstag:<\/strong> 12:00 \u2013 20:00 Uhr<\/li>\n<li><strong>Mittwoch, Freitag:<\/strong> 10:00 \u2013 17:30 Uhr<\/li>\n<li><strong>Samstag:<\/strong> 11:00 \u2013 14:00 Uhr<\/li>\n<\/ul>\n<\/li>\n<\/ul>\n<p>F\u00fcr spezielle Terminw\u00fcnsche oder mehr Informationen zu unseren flexiblen \u00d6ffnungszeiten stehen wir Euch gerne zur Verf\u00fcgung.<\/p>\n<p>Mit Leidenschaft, Kreativit\u00e4t und Pr\u00e4zision verwirklichen wir eure Tattoo- und Piercingtr\u00e4ume.<\/p>\n<p>Wir entwerfen mit Euch gemeinsam Euer pers\u00f6nliches Traumtattoo, selbstverst\u00e4ndlich k\u00f6nnt Ihr auch eigene Motive mitbringen.&nbsp; Bei einer Tasse Kaffee beraten wir Euch gerne, unverbindlich und sind f\u00fcr alles offen. Wir bieten Euch ein breites Spektrum der T\u00e4towierkunst. Zudem bieten wir f\u00fcr veraltete Tattoos &#8222;Touch Up\u00b4s&#8220; oder &#8222;Cover Up\u00b4s&#8220; an.<\/p>\n<p>Kommt vorbei und \u00fcberzeugt euch selbst. Oder kontaktiert uns f\u00fcr mehr Informationen und Terminvereinbarungen.<\/p>\n<p>Vielen Dank f\u00fcr Euer Vertrauen und wir freuen uns Euch!<\/p>\n<p>Dein Team vom Needles &amp; Pins<\/p>\n<p>&nbsp;<\/p>\n<h2>Wir bieten euch<\/h2>\n<ul>\n<li>eine grosse Auswahl an Motiven und selbstentworfenen Vorlagen<br \/>\neinschliesslich Freihand-Tattoos, Touch Up und Cover Up<\/li>\n<li>Schutz vor Entz\u00fcndungen,Hepatitis- und HIV-Infektion durch neueste medizinische Standards<\/li>\n<li>die richtige Nachsorge und Pflege<\/li>\n<li>kompetente Beratung<\/li>\n<li>den richtigen Erstschmuck<\/li>\n<li>eine grosse Auswahl an k\u00f6rpervertr\u00e4glichem hochwertigen Piercingschmuck<\/li>\n<li>fast schmerzfreie Piercings, die garantiert abheilen bei richtiger Behandlung<\/li>\n<\/ul>\n<p>&nbsp;<\/p>\n<p><strong>Sonstiges<\/strong><\/p>\n<\/div>\n<ul>\n<li>kostenlose Parkpl\u00e4tze vor der T\u00fcr<\/li>\n<li>warme und kalte Getr\u00e4nke<\/li>\n<li>Hygiene wird bei uns gro\u00dfgeschrieben<\/li>\n<li>bestm\u00f6gliche Qualit\u00e4t durch Fachmessen, Workshops, Schulungen und Fachzeitschriften<\/li>\n<li>entspannte angenehme Atmosph\u00e4re durch abtrennbare Behandlungspl\u00e4tze<\/li>\n<li>Treue wird belohnt &#8211; Premium CARD &#8211;&nbsp;<\/li>\n<li>Geschenkgutscheine<\/li>\n<\/ul>\n<div dir=\"auto\">\n<p align=\"center\">&nbsp;<\/p>\n<p style=\"text-align: center;\">&nbsp;<\/p>\n<\/div>\n<\/div>\n<\/div>\n<\/div>\n<\/div>\n<\/div>\n<\/div>\n<div class=\"qzhwtbm6 knvmm38d\">\n<div class=\"o9v6fnle cxmmr5t8 oygrvhab hcukyx3x c1et5uql ii04i59q\">&nbsp;<\/div>\n<div class=\"o9v6fnle cxmmr5t8 oygrvhab hcukyx3x c1et5uql ii04i59q\">\n<div dir=\"auto\">&nbsp;<\/div>\n<\/div>\n<\/div>\n<\/div>\n<\/div>\n<\/div>\n<p>&nbsp;<\/p>\n<p>&nbsp;<\/p>\n<p>&nbsp;<\/p>\n","protected":false},"excerpt":{"rendered":"<p>&nbsp; Team Beratung, Termine &amp; Piercing Denise Ramona Steffi Bj\u00f6rn <a class=\"more-link\" href=\"https:\/\/needles-pins.de\/wpnp\/\">weiterlesen&#8230;<\/a><\/p>\n","protected":false},"author":1,"featured_media":0,"parent":12,"menu_order":0,"comment_status":"closed","ping_status":"closed","template":"","meta":{"ngg_post_thumbnail":0,"footnotes":""},"class_list":["post-155","page","type-page","status-publish","hentry"],"_links":{"self":[{"href":"https:\/\/needles-pins.de\/wpnp\/wp-json\/wp\/v2\/pages\/155","targetHints":{"allow":["GET"]}}],"collection":[{"href":"https:\/\/needles-pins.de\/wpnp\/wp-json\/wp\/v2\/pages"}],"about":[{"href":"https:\/\/needles-pins.de\/wpnp\/wp-json\/wp\/v2\/types\/page"}],"author":[{"embeddable":true,"href":"https:\/\/needles-pins.de\/wpnp\/wp-json\/wp\/v2\/users\/1"}],"replies":[{"embeddable":true,"href":"https:\/\/needles-pins.de\/wpnp\/wp-json\/wp\/v2\/comments?post=155"}],"version-history":[{"count":37,"href":"https:\/\/needles-pins.de\/wpnp\/wp-json\/wp\/v2\/pages\/155\/revisions"}],"predecessor-version":[{"id":1220,"href":"https:\/\/needles-pins.de\/wpnp\/wp-json\/wp\/v2\/pages\/155\/revisions\/1220"}],"up":[{"embeddable":true,"href":"https:\/\/needles-pins.de\/wpnp\/wp-json\/wp\/v2\/pages\/12"}],"wp:attachment":[{"href":"https:\/\/needles-pins.de\/wpnp\/wp-json\/wp\/v2\/media?parent=155"}],"curies":[{"name":"wp","href":"https:\/\/api.w.org\/{rel}","templated":true}]}}