{"id":358,"date":"2017-10-15T11:14:57","date_gmt":"2017-10-15T09:14:57","guid":{"rendered":"http:\/\/needles-pins.de\/wpnp\/?page_id=358"},"modified":"2024-07-17T16:38:10","modified_gmt":"2024-07-17T14:38:10","slug":"pflegehinweise-piercings","status":"publish","type":"page","link":"https:\/\/needles-pins.de\/wpnp\/piercing-2\/pflegehinweise-piercings\/","title":{"rendered":"Aftercare Piercings"},"content":{"rendered":"<h2 style=\"text-align: justify;\">Pflegehinweise f\u00fcr Euere Piercings<\/h2>\n<p style=\"text-align: justify;\"><strong><u>Tipps zur Pflege und Nachsorge bei Piercings<\/u><\/strong><\/p>\n<p style=\"text-align: justify;\">Reinige Dein Piercing vier bis sechs Wochen lang zwei bis drei mal t\u00e4glich mit warmen Wasser und einer milden, ph-neutralen Seife (am besten Seba-med). Wenn Du den Schmuck bewegst, s\u00e4ubere zuerst den Schmuckteil, der sich nicht unter der Haut befindet, damit keine Bakterien in die Wunde gelangen k\u00f6nnen.<br \/>\nDesinfiziere das Piercing mit <b>Octenisept<\/b> (keinesfalls <b>Kodan<\/b> oder andere alkoholhaltige Produkte) und bewege den Schmuck ca. vier bis f\u00fcnf mal im Stichkanal.<br \/>\n<b>Ber\u00fchre Dein Piercing niemals mit ungewaschenen H\u00e4nden!!!<\/b><\/p>\n<p style=\"text-align: justify;\">Falls eine leichte Entz\u00fcndung auftretten sollte, ist das kein Grund zur Panik &#8211; das ist meist eine nat\u00fcrliche Reaktion des K\u00f6rpers. Selbstverst\u00e4ndlich kannst Du Dir jederzeit fachkundigen Rat bei uns einholen. Bei leichten Entz\u00fcndungen zus\u00e4tzlich zur Pflege zwei mal t\u00e4glich <b>Tyrosur-Gel<\/b> auftragen. Bei einer starken Infektion (starke Schmerzen, Schwellungen) suche uns so schnell wie m\u00f6glich auf. Was allerdings noch zu sagen bleibt:<br \/>\n<b>Das Entfernen des Schmuckst\u00fcckes verschafft nicht unbedingt Linderung, sondern verschlimmert die Entz\u00fcndung evtl. sogar!<\/b><\/p>\n<p style=\"text-align: justify;\">Die Zeit des Heilungsprozesses ist bei jedem individuellen Piercing und bei jedem Mensch unterschiedlich lang. Dabei spielen verschiedene Faktoren eine Rolle: z.B. die Nachsorge, physischer und psychischer Zustand, Drogen- und Alkoholkonsum oder spezielle Di\u00e4ten. Die Heilungszeit, die von uns bei den unterschiedlichsten Piercings angegeben werden, sind nur ungef\u00e4hre Richtwerte. Auf jeden Fall wird es die Heilungszeit verk\u00fcrzen, wenn Du Deinem nat\u00fcrlichen Menschenverstand und unseren Anweisungen folgst.<\/p>\n<p style=\"text-align: justify;\"><i><b>Wir m\u00f6chten au\u00dferdem noch hinzuf\u00fcgen, da\u00df wir mit aboluten sterilen Instrumenten arbeiten (sterilisierten Klemmen, Einwegnadeln, Einweghandschuhen und sterilen Markierungsstiften) und nur geeigneten, sterilen Schmuck verwenden. Somit sind wir f\u00fcr keine sp\u00e4ter auftretenden Entz\u00fcndungen verantwortlich.<\/b><\/i><\/p>\n<p style=\"text-align: justify;\">Achte auf locker sitzende Kleidung (z.B.: Bauchnabelpiercing).<\/p>\n<p style=\"text-align: justify;\">Auf den Besuch von <b>Schwimmb\u00e4dern, Solarien und Saunen,<\/b> wie auch auf Baden in der Badewanne sollte man ebenfalls verzichten, solange das Piercing und die damit verbundene Wunde noch nicht vollst\u00e4ndig abgeheilt ist. Au\u00dferdem sollte es vermieden werden, kurz nach einem neuen Piercing auf Reisen in exotische L\u00e4nder zu gehen, da dort die M\u00f6glichkeit das Piercing gewissenhaft und fachgerecht zu reinigen meist nicht gegeben ist.<\/p>\n","protected":false},"excerpt":{"rendered":"<p>Pflegehinweise f\u00fcr Euere Piercings Tipps zur Pflege und Nachsorge bei <a class=\"more-link\" href=\"https:\/\/needles-pins.de\/wpnp\/piercing-2\/pflegehinweise-piercings\/\">weiterlesen&#8230;<\/a><\/p>\n","protected":false},"author":1,"featured_media":0,"parent":16,"menu_order":0,"comment_status":"closed","ping_status":"closed","template":"","meta":{"ngg_post_thumbnail":0,"footnotes":""},"class_list":["post-358","page","type-page","status-publish","hentry"],"_links":{"self":[{"href":"https:\/\/needles-pins.de\/wpnp\/wp-json\/wp\/v2\/pages\/358","targetHints":{"allow":["GET"]}}],"collection":[{"href":"https:\/\/needles-pins.de\/wpnp\/wp-json\/wp\/v2\/pages"}],"about":[{"href":"https:\/\/needles-pins.de\/wpnp\/wp-json\/wp\/v2\/types\/page"}],"author":[{"embeddable":true,"href":"https:\/\/needles-pins.de\/wpnp\/wp-json\/wp\/v2\/users\/1"}],"replies":[{"embeddable":true,"href":"https:\/\/needles-pins.de\/wpnp\/wp-json\/wp\/v2\/comments?post=358"}],"version-history":[{"count":2,"href":"https:\/\/needles-pins.de\/wpnp\/wp-json\/wp\/v2\/pages\/358\/revisions"}],"predecessor-version":[{"id":1081,"href":"https:\/\/needles-pins.de\/wpnp\/wp-json\/wp\/v2\/pages\/358\/revisions\/1081"}],"up":[{"embeddable":true,"href":"https:\/\/needles-pins.de\/wpnp\/wp-json\/wp\/v2\/pages\/16"}],"wp:attachment":[{"href":"https:\/\/needles-pins.de\/wpnp\/wp-json\/wp\/v2\/media?parent=358"}],"curies":[{"name":"wp","href":"https:\/\/api.w.org\/{rel}","templated":true}]}}