{"id":362,"date":"2017-10-15T11:23:18","date_gmt":"2017-10-15T09:23:18","guid":{"rendered":"http:\/\/needles-pins.de\/wpnp\/?page_id=362"},"modified":"2026-01-12T04:01:51","modified_gmt":"2026-01-12T03:01:51","slug":"tattoos","status":"publish","type":"page","link":"https:\/\/needles-pins.de\/wpnp\/tattoos\/","title":{"rendered":"Tattoos"},"content":{"rendered":"\n<p>Bitte nimm&#8216; Dir einen Moment Zeit und beachte diese Hinweise falls Du Interesse an einem Tattoo hast.<\/p>\n\n\n\n<p>Auf <a href=\"https:\/\/needles-pins.de\/wpnp\/gallerie\/tattoos\/\">dieser Seite<\/a> findest Du einige Werke, die bereits von uns angefertigt wurden.<\/p>\n\n\n\n<p>Haben wir Dein Interesse geweckt? Dann nimm&#8216; <a href=\"https:\/\/needles-pins.de\/wpnp\/kontakt\/\">Kontakt<\/a> mit uns auf.<\/p>\n\n\n\n<p>Noch nicht vollj\u00e4hrig? Hier findest Du eine Einwilligungserkl\u00e4rung, die in diesem Fall ben\u00f6tigt wird:<\/p>\n\n\n\n<p>&nbsp;<\/p>\n\n\n\n<div data-wp-interactive=\"core\/file\" class=\"wp-block-file\"><object data-wp-bind--hidden=\"!state.hasPdfPreview\" hidden class=\"wp-block-file__embed\" data=\"https:\/\/needles-pins.de\/wpnp\/wp-content\/uploads\/2026\/01\/Einverstaendniserklaerung.pdf\" type=\"application\/pdf\" style=\"width:100%;height:600px\" aria-label=\"Einbettung von Einverst\u00e4ndniserkl\u00e4rung.\"><\/object><a id=\"wp-block-file--media-832f1c70-b8ed-48fe-9c8e-8026987bc764\" href=\"https:\/\/needles-pins.de\/wpnp\/wp-content\/uploads\/2026\/01\/Einverstaendniserklaerung.pdf\">Einverst\u00e4ndniserkl\u00e4rung<\/a><a href=\"https:\/\/needles-pins.de\/wpnp\/wp-content\/uploads\/2026\/01\/Einverstaendniserklaerung.pdf\" class=\"wp-block-file__button wp-element-button\" download aria-describedby=\"wp-block-file--media-832f1c70-b8ed-48fe-9c8e-8026987bc764\">Herunterladen<\/a><\/div>\n\n\n\n<p>&nbsp;<\/p>\n\n\n\n\n","protected":false},"excerpt":{"rendered":"<p>Bitte nimm&#8216; Dir einen Moment Zeit und beachte diese Hinweise <a class=\"more-link\" href=\"https:\/\/needles-pins.de\/wpnp\/tattoos\/\">weiterlesen&#8230;<\/a><\/p>\n","protected":false},"author":1,"featured_media":49,"parent":0,"menu_order":3,"comment_status":"closed","ping_status":"closed","template":"","meta":{"ngg_post_thumbnail":0,"footnotes":""},"class_list":["post-362","page","type-page","status-publish","has-post-thumbnail","hentry"],"_links":{"self":[{"href":"https:\/\/needles-pins.de\/wpnp\/wp-json\/wp\/v2\/pages\/362","targetHints":{"allow":["GET"]}}],"collection":[{"href":"https:\/\/needles-pins.de\/wpnp\/wp-json\/wp\/v2\/pages"}],"about":[{"href":"https:\/\/needles-pins.de\/wpnp\/wp-json\/wp\/v2\/types\/page"}],"author":[{"embeddable":true,"href":"https:\/\/needles-pins.de\/wpnp\/wp-json\/wp\/v2\/users\/1"}],"replies":[{"embeddable":true,"href":"https:\/\/needles-pins.de\/wpnp\/wp-json\/wp\/v2\/comments?post=362"}],"version-history":[{"count":8,"href":"https:\/\/needles-pins.de\/wpnp\/wp-json\/wp\/v2\/pages\/362\/revisions"}],"predecessor-version":[{"id":1230,"href":"https:\/\/needles-pins.de\/wpnp\/wp-json\/wp\/v2\/pages\/362\/revisions\/1230"}],"wp:featuredmedia":[{"embeddable":true,"href":"https:\/\/needles-pins.de\/wpnp\/wp-json\/wp\/v2\/media\/49"}],"wp:attachment":[{"href":"https:\/\/needles-pins.de\/wpnp\/wp-json\/wp\/v2\/media?parent=362"}],"curies":[{"name":"wp","href":"https:\/\/api.w.org\/{rel}","templated":true}]}}